{"id":3098,"date":"2025-09-19T19:30:08","date_gmt":"2025-09-19T19:30:08","guid":{"rendered":"https:\/\/evvocompany.com\/KethylinNayari\/?page_id=3098"},"modified":"2025-11-05T21:19:23","modified_gmt":"2025-11-05T21:19:23","slug":"localizacao","status":"publish","type":"page","link":"https:\/\/desafiosdamay.com.br\/?page_id=3098","title":{"rendered":"Sobre mim"},"content":{"rendered":"\t\t<div data-elementor-type=\"wp-page\" data-elementor-id=\"3098\" class=\"elementor elementor-3098\">\n\t\t\t\t<div class=\"elementor-element elementor-element-c3022aa e-flex e-con-boxed wpr-particle-no wpr-jarallax-no wpr-parallax-no wpr-sticky-section-no wpr-column-slider-no wpr-equal-height-no e-con e-parent\" data-id=\"c3022aa\" data-element_type=\"container\" data-e-type=\"container\" data-settings=\"{&quot;background_background&quot;:&quot;classic&quot;}\">\n\t\t\t\t\t<div class=\"e-con-inner\">\n\t\t\t\t\t<\/div>\n\t\t\t\t<\/div>\n\t\t<div class=\"elementor-element elementor-element-1b33ce9 e-flex e-con-boxed wpr-particle-no wpr-jarallax-no wpr-parallax-no wpr-sticky-section-no wpr-column-slider-no wpr-equal-height-no e-con e-parent\" data-id=\"1b33ce9\" data-element_type=\"container\" data-e-type=\"container\" data-settings=\"{&quot;background_background&quot;:&quot;classic&quot;}\">\n\t\t\t\t\t<div class=\"e-con-inner\">\n\t\t<div class=\"elementor-element elementor-element-6c5c1ae e-con-full e-flex wpr-particle-no wpr-jarallax-no wpr-parallax-no wpr-sticky-section-no wpr-column-slider-no wpr-equal-height-no e-con e-child\" data-id=\"6c5c1ae\" data-element_type=\"container\" data-e-type=\"container\">\n\t\t\t\t<div class=\"elementor-element elementor-element-80bd5be elementor-widget__width-inherit elementor-widget-mobile__width-initial elementor-invisible elementor-widget elementor-widget-heading\" data-id=\"80bd5be\" data-element_type=\"widget\" data-e-type=\"widget\" data-settings=\"{&quot;_animation&quot;:&quot;fadeInLeft&quot;}\" data-widget_type=\"heading.default\">\n\t\t\t\t<div class=\"elementor-widget-container\">\n\t\t\t\t\t<h2 class=\"elementor-heading-title elementor-size-default\">Quem \u00e9 a Mayara Lira<\/h2>\t\t\t\t<\/div>\n\t\t\t\t<\/div>\n\t\t\t\t<div class=\"elementor-element elementor-element-ca724e4 elementor-invisible elementor-widget elementor-widget-text-editor\" data-id=\"ca724e4\" data-element_type=\"widget\" data-e-type=\"widget\" data-settings=\"{&quot;_animation&quot;:&quot;fadeInUp&quot;}\" data-widget_type=\"text-editor.default\">\n\t\t\t\t<div class=\"elementor-widget-container\">\n\t\t\t\t\t\t\t\t\t<p data-start=\"3663\" data-end=\"3857\"><strong data-start=\"3663\" data-end=\"3678\">Mayara Lira<\/strong> \u00e9 nutricionista e uma inspira\u00e7\u00e3o pra quem busca emagrecer de forma saud\u00e1vel e duradoura.<br data-start=\"3767\" data-end=\"3770\" \/>Ex-obesa, eliminou <strong data-start=\"3791\" data-end=\"3818\">28kg com dieta e treino<\/strong>, sem canetas, cirurgias ou rem\u00e9dios.<\/p><p data-start=\"3864\" data-end=\"3985\">Depois de anos tentando de tudo, encontrou o caminho certo e se especializou em <strong data-start=\"3944\" data-end=\"3982\">emagrecimento feminino sustent\u00e1vel<\/strong>.<\/p><p data-start=\"3992\" data-end=\"4136\">Criadora dos <strong data-start=\"4005\" data-end=\"4024\">Desafios da May<\/strong>, j\u00e1 ajudou <strong data-start=\"4036\" data-end=\"4063\">mais de 27 mil mulheres<\/strong> em diversos pa\u00edses a emagrecer sem sofrimento e sem voltar a engordar.<\/p>\t\t\t\t\t\t\t\t<\/div>\n\t\t\t\t<\/div>\n\t\t\t\t<div class=\"elementor-element elementor-element-b05489f elementor-widget__width-inherit elementor-invisible elementor-widget elementor-widget-heading\" data-id=\"b05489f\" data-element_type=\"widget\" data-e-type=\"widget\" data-settings=\"{&quot;_animation&quot;:&quot;fadeInRight&quot;}\" data-widget_type=\"heading.default\">\n\t\t\t\t<div class=\"elementor-widget-container\">\n\t\t\t\t\t<h2 class=\"elementor-heading-title elementor-size-default\">Seu lema \u00e9 simples, mas poderoso:\n\u201cDo desafio \u00e0 conquista.\u201d<\/h2>\t\t\t\t<\/div>\n\t\t\t\t<\/div>\n\t\t\t\t<\/div>\n\t\t<div class=\"elementor-element elementor-element-462b4a7 e-con-full e-flex wpr-particle-no wpr-jarallax-no wpr-parallax-no wpr-sticky-section-no wpr-column-slider-no wpr-equal-height-no e-con e-child\" data-id=\"462b4a7\" data-element_type=\"container\" data-e-type=\"container\" data-settings=\"{&quot;background_background&quot;:&quot;classic&quot;}\">\n\t\t\t\t<div class=\"elementor-element elementor-element-91f830c elementor-invisible elementor-widget elementor-widget-image\" data-id=\"91f830c\" data-element_type=\"widget\" data-e-type=\"widget\" data-settings=\"{&quot;_animation&quot;:&quot;fadeInLeft&quot;}\" data-widget_type=\"image.default\">\n\t\t\t\t<div class=\"elementor-widget-container\">\n\t\t\t\t\t\t\t\t\t\t\t\t\t\t\t<img fetchpriority=\"high\" decoding=\"async\" width=\"600\" height=\"738\" src=\"https:\/\/desafiosdamay.com.br\/wp-content\/uploads\/2025\/11\/sobre-mayara-2.jpg\" class=\"attachment-full size-full wp-image-4114\" alt=\"\" srcset=\"https:\/\/desafiosdamay.com.br\/wp-content\/uploads\/2025\/11\/sobre-mayara-2.jpg 600w, https:\/\/desafiosdamay.com.br\/wp-content\/uploads\/2025\/11\/sobre-mayara-2-244x300.jpg 244w\" sizes=\"(max-width: 600px) 100vw, 600px\" \/>\t\t\t\t\t\t\t\t\t\t\t\t\t\t\t<\/div>\n\t\t\t\t<\/div>\n\t\t\t\t<\/div>\n\t\t\t\t\t<\/div>\n\t\t\t\t<\/div>\n\t\t\t\t<\/div>\n\t\t","protected":false},"excerpt":{"rendered":"<p>Quem \u00e9 a Mayara Lira Mayara Lira \u00e9 nutricionista e uma inspira\u00e7\u00e3o pra quem busca emagrecer de forma saud\u00e1vel e duradoura.Ex-obesa, eliminou 28kg com dieta e treino, sem canetas, cirurgias ou rem\u00e9dios. Depois de anos tentando de tudo, encontrou o caminho certo e se especializou em emagrecimento feminino sustent\u00e1vel. Criadora dos Desafios da May, j\u00e1 ajudou mais de 27 mil mulheres em diversos pa\u00edses a emagrecer sem sofrimento e sem voltar a engordar. Seu lema \u00e9 simples, mas poderoso: \u201cDo desafio \u00e0 conquista.\u201d<\/p>\n","protected":false},"author":1,"featured_media":0,"parent":0,"menu_order":0,"comment_status":"closed","ping_status":"closed","template":"elementor_header_footer","meta":{"footnotes":""},"class_list":["post-3098","page","type-page","status-publish","hentry"],"_hostinger_reach_plugin_has_subscription_block":false,"_hostinger_reach_plugin_is_elementor":false,"_links":{"self":[{"href":"https:\/\/desafiosdamay.com.br\/index.php?rest_route=\/wp\/v2\/pages\/3098","targetHints":{"allow":["GET"]}}],"collection":[{"href":"https:\/\/desafiosdamay.com.br\/index.php?rest_route=\/wp\/v2\/pages"}],"about":[{"href":"https:\/\/desafiosdamay.com.br\/index.php?rest_route=\/wp\/v2\/types\/page"}],"author":[{"embeddable":true,"href":"https:\/\/desafiosdamay.com.br\/index.php?rest_route=\/wp\/v2\/users\/1"}],"replies":[{"embeddable":true,"href":"https:\/\/desafiosdamay.com.br\/index.php?rest_route=%2Fwp%2Fv2%2Fcomments&post=3098"}],"version-history":[{"count":3,"href":"https:\/\/desafiosdamay.com.br\/index.php?rest_route=\/wp\/v2\/pages\/3098\/revisions"}],"predecessor-version":[{"id":4241,"href":"https:\/\/desafiosdamay.com.br\/index.php?rest_route=\/wp\/v2\/pages\/3098\/revisions\/4241"}],"wp:attachment":[{"href":"https:\/\/desafiosdamay.com.br\/index.php?rest_route=%2Fwp%2Fv2%2Fmedia&parent=3098"}],"curies":[{"name":"wp","href":"https:\/\/api.w.org\/{rel}","templated":true}]}}